{"id":20,"date":"2019-06-10T17:13:24","date_gmt":"2019-06-10T15:13:24","guid":{"rendered":"https:\/\/bpf-mitteost.de\/sdb\/?page_id=20"},"modified":"2020-02-02T18:42:18","modified_gmt":"2020-02-02T16:42:18","slug":"projektfoerderung","status":"publish","type":"page","link":"https:\/\/bpf-mitteost.de\/sdb\/?page_id=20","title":{"rendered":"Projektf\u00f6rderung"},"content":{"rendered":"\n<p>Die B\u00fcrgerplattform MitteOst kann j\u00e4hrlich \u00fcber ein Budget, welches auf die Einwohnerzahl mit 1,61 \u20ac berechnet wird verf\u00fcgen.<br><br>F\u00fcr 2019 starteten wir mit einen &#8222;anteiligen&#8220; Budget (ab Juni) von:  28.125 \u20ac <br>2020 stehen uns anhand der Einwohnerzahlen (22.528 EW) insgesamt 36.270,08 \u20ac f\u00fcr die Umsetzung der B\u00fcrgerprojekte und B\u00fcrgerbeteiligungsverfahren zur Verf\u00fcgung.<\/p>\n\n\n\n<p>Dieses Geld kann u.a. in Mikroprojekte im Stadtgebiet investiert werden.  Wir stellen hier eine kleine Liste von bewilligten Projekten vor. Nat\u00fcrlich k\u00f6nnen auch noch viele andere Projekte und  Ideen Unterst\u00fctzung erfahren. Kommt einfach auf uns zu.<\/p>\n\n\n\n<ul class=\"wp-block-list\"><li>Kita-, Schul-, Stadtteilfeste, \u00f6ffentliche Feste von Gewerbetreibenden<br>\u2013 Kosten f\u00fcr eine H\u00fcpfburg, Ponyreiten, Honorare f\u00fcr Unterhalter (z.B. Zauberer, Musiker)<\/li><li>Kulturangebote<br>\u2013 Lesungen, Theaterveranstaltungen<\/li><li>Gemeinwesen-Aktionen<br>\u2013 Ausflugsfahrten, Wanderungen, M\u00fcll-Sammlungen<\/li><li>Sportvereine und Veranstaltungen<br>\u2013 Anschaffung Sportger\u00e4te, Reparaturen<\/li><li>Fotoausstellungen und Wettbewerbe<\/li><li>Rekultivierung G\u00e4rten und Brachen<\/li><li>Ganztagsangebote und Pr\u00e4ventionen z.B. an Schulen<\/li><li>Aufwertungen der Wohngebiete durch Anpflanzungen oder Sitzbereiche<\/li><li>B\u00fcrgerforen (Raummiete, Moderation, Werbung)<br><\/li><\/ul>\n\n\n\n<p><strong>Ablauf:<\/strong><\/p>\n\n\n\n<p>Antragsteller kommt auf den Koordinator zu (<a href=\"https:\/\/bpf-mitteost.de\/sdb\/?page_id=16\">siehe Kontaktdaten<\/a>)<\/p>\n\n\n\n<p>Gemeinsam besprechen wir das Vorhaben und pr\u00fcfen, ob eine F\u00f6rderung  durch die Plattform oder ggf. sogar eine andere F\u00f6rderung m\u00f6glich ist.  In besonderen F\u00e4llen ist auch eine R\u00fcckfrage mit der Stadtverwaltung n\u00f6tig.<\/p>\n\n\n\n<p>Wir f\u00fcllen gemeinsam den Antragsbogen aus.<\/p>\n\n\n\n<p><strong>Der Antrag wird der Steuerungsgruppe vorgelegt.<\/strong> Diese k\u00f6nnen ggf. R\u00fcckfragen zum Vorhaben stellen. Dann stimmt die Gruppe ab. Der Mehrheitsentscheid gibt dann die Mittel f\u00fcr die Finanzierung des Vorhabens frei. <\/p>\n\n\n\n<p>Nach der Umsetzung des Vorhabens und deren finanziellen Abwicklung f\u00fcllen wir gemeinsam den Abschlussbericht aus.<\/p>\n\n\n\n<p><strong>Bei allen Schritten begleitet euch der Koordinator<\/strong>.<\/p>\n","protected":false},"excerpt":{"rendered":"<p>Die B\u00fcrgerplattform MitteOst kann j\u00e4hrlich \u00fcber ein Budget, welches auf die Einwohnerzahl mit 1,61 \u20ac berechnet wird verf\u00fcgen. F\u00fcr 2019<\/p>\n","protected":false},"author":2,"featured_media":0,"parent":0,"menu_order":0,"comment_status":"closed","ping_status":"closed","template":"","meta":{"footnotes":""},"class_list":["post-20","page","type-page","status-publish","hentry"],"_links":{"self":[{"href":"https:\/\/bpf-mitteost.de\/sdb\/index.php?rest_route=\/wp\/v2\/pages\/20","targetHints":{"allow":["GET"]}}],"collection":[{"href":"https:\/\/bpf-mitteost.de\/sdb\/index.php?rest_route=\/wp\/v2\/pages"}],"about":[{"href":"https:\/\/bpf-mitteost.de\/sdb\/index.php?rest_route=\/wp\/v2\/types\/page"}],"author":[{"embeddable":true,"href":"https:\/\/bpf-mitteost.de\/sdb\/index.php?rest_route=\/wp\/v2\/users\/2"}],"replies":[{"embeddable":true,"href":"https:\/\/bpf-mitteost.de\/sdb\/index.php?rest_route=%2Fwp%2Fv2%2Fcomments&post=20"}],"version-history":[{"count":7,"href":"https:\/\/bpf-mitteost.de\/sdb\/index.php?rest_route=\/wp\/v2\/pages\/20\/revisions"}],"predecessor-version":[{"id":222,"href":"https:\/\/bpf-mitteost.de\/sdb\/index.php?rest_route=\/wp\/v2\/pages\/20\/revisions\/222"}],"wp:attachment":[{"href":"https:\/\/bpf-mitteost.de\/sdb\/index.php?rest_route=%2Fwp%2Fv2%2Fmedia&parent=20"}],"curies":[{"name":"wp","href":"https:\/\/api.w.org\/{rel}","templated":true}]}}