{"id":3,"date":"2019-06-10T14:31:32","date_gmt":"2019-06-10T14:31:32","guid":{"rendered":"https:\/\/bpf-mitteost.de\/sdb\/?page_id=3"},"modified":"2026-01-26T19:15:54","modified_gmt":"2026-01-26T17:15:54","slug":"privacy-policy","status":"publish","type":"page","link":"https:\/\/bpf-mitteost.de\/sdb\/?page_id=3","title":{"rendered":"Impressum\/Datenschutz"},"content":{"rendered":"\n<p>\nDiese Webseite wird betrieben vom<\/p>\n\n\n\n<p><strong>Verein zur F\u00f6rderung der Solidarit\u00e4t, Demokratie und Bildung e.V.<\/strong><br>SDB e.V.<br>Horststra\u00dfe 20<br>09119 Chemnitz<\/p>\n\n\n\n<p>Email: info@sdb-chemnitz.de<br>Gestaltung und Design  Oliver Treydel<\/p>\n\n\n\n<p><strong>Datenschutz<\/strong><br>Die Webseite ist Bestandteil des Vereins SDB e.V.<br>N\u00e4here Informationen zum Datenschutz finden Sie auf der Vereinswebseite www.sdb-chemnitz.de<\/p>\n\n\n\n<p><strong>Disclaimer<\/strong><\/p>\n\n\n\n<p><strong>Haftung f\u00fcr Inhalte<\/strong><br>Als\n Diensteanbieter sind wir gem\u00e4\u00df \u00a7 7 Abs.1 TMG f\u00fcr eigene Inhalte auf \ndiesen Seiten nach den allgemeinen Gesetzen verantwortlich. Nach \u00a7\u00a7 8 \nbis 10 TMG sind wir als Diensteanbieter jedoch nicht verpflichtet, \n\u00fcbermittelte oder gespeicherte fremde Informationen zu \u00fcberwachen oder \nnach Umst\u00e4nden zu forschen, die auf eine rechtswidrige T\u00e4tigkeit \nhinweisen. Verpflichtungen zur Entfernung oder Sperrung der Nutzung von \nInformationen nach den allgemeinen Gesetzen bleiben hiervon unber\u00fchrt. \nEine diesbez\u00fcgliche Haftung ist jedoch erst ab dem Zeitpunkt der \nKenntnis einer konkreten Rechtsverletzung m\u00f6glich. Bei Bekanntwerden von\n entsprechenden Rechtsverletzungen werden wir diese Inhalte umgehend \nentfernen.<\/p>\n\n\n\n<p><strong>Haftung f\u00fcr Links<\/strong><br>Unser Angebot \nenth\u00e4lt Links zu externen Webseiten Dritter, auf deren Inhalte wir \nkeinen Einfluss haben. Deshalb k\u00f6nnen wir f\u00fcr diese fremden Inhalte auch\n keine Gew\u00e4hr \u00fcbernehmen. F\u00fcr die Inhalte der verlinkten Seiten ist \nstets der jeweilige Anbieter oder Betreiber der Seiten verantwortlich. \nDie verlinkten Seiten wurden zum Zeitpunkt der Verlinkung auf m\u00f6gliche \nRechtsverst\u00f6\u00dfe \u00fcberpr\u00fcft. Rechtswidrige Inhalte waren zum Zeitpunkt der \nVerlinkung nicht erkennbar. Eine permanente inhaltliche Kontrolle der \nverlinkten Seiten ist jedoch ohne konkrete Anhaltspunkte einer \nRechtsverletzung nicht zumutbar. Bei Bekanntwerden von \nRechtsverletzungen werden wir derartige Links umgehend entfernen.<\/p>\n\n\n\n<p><strong>Urheberrecht<\/strong><br>Die\n durch die Seitenbetreiber erstellten Inhalte und Werke auf diesen \nSeiten unterliegen dem deutschen Urheberrecht. Die Vervielf\u00e4ltigung, \nBearbeitung, Verbreitung und jede Art der Verwertung au\u00dferhalb der \nGrenzen des Urheberrechtes bed\u00fcrfen der schriftlichen Zustimmung des \njeweiligen Autors bzw. Erstellers. Downloads und Kopien dieser Seite \nsind nur f\u00fcr den privaten, nicht kommerziellen Gebrauch gestattet. \nSoweit die Inhalte auf dieser Seite nicht vom Betreiber erstellt wurden,\n werden die Urheberrechte Dritter beachtet. Insbesondere werden Inhalte \nDritter als solche gekennzeichnet. Sollten Sie trotzdem auf eine \nUrheberrechtsverletzung aufmerksam werden, bitten wir um einen \nentsprechenden Hinweis. Bei Bekanntwerden von Rechtsverletzungen werden \nwir derartige Inhalte umgehend entfernen.<\/p>\n\n\n\n<p><strong>Internetbesucher<\/strong><br>Vom\n Seitenbetreiber werden keine personenbezogenen Daten \u00fcber den \nWebseitenbesuch erhoben. Lediglich anonyme statistische Zugriffszahlen \nstehen zur Verf\u00fcgung. Die Webseite wird mit WordPress als Content \nManagement System betrieben. Es werden daf\u00fcr Cookies ben\u00f6tigt. N\u00e4here \nInformationen finden Sie hier \u2026https:\/\/de.support.wordpress.com\/cookies\/<br>Da\n wir keinen Benutzerbereich haben, keine Analysewerkzeuge sowie Werbung \nschalten auch keine Dienstleistungen (Online-Verkauf etc.) anbieten, \nwerden von uns auch keine personenbezogenen Daten ausgewertet oder \nverarbeitet.\n\n<\/p>\n","protected":false},"excerpt":{"rendered":"<p>Diese Webseite wird betrieben vom Verein zur F\u00f6rderung der Solidarit\u00e4t, Demokratie und Bildung e.V.SDB e.V.Horststra\u00dfe 2009119 Chemnitz Email: info@sdb-chemnitz.deGestaltung und<\/p>\n","protected":false},"author":2,"featured_media":0,"parent":0,"menu_order":0,"comment_status":"closed","ping_status":"closed","template":"","meta":{"footnotes":""},"class_list":["post-3","page","type-page","status-publish","hentry"],"_links":{"self":[{"href":"https:\/\/bpf-mitteost.de\/sdb\/index.php?rest_route=\/wp\/v2\/pages\/3","targetHints":{"allow":["GET"]}}],"collection":[{"href":"https:\/\/bpf-mitteost.de\/sdb\/index.php?rest_route=\/wp\/v2\/pages"}],"about":[{"href":"https:\/\/bpf-mitteost.de\/sdb\/index.php?rest_route=\/wp\/v2\/types\/page"}],"author":[{"embeddable":true,"href":"https:\/\/bpf-mitteost.de\/sdb\/index.php?rest_route=\/wp\/v2\/users\/2"}],"replies":[{"embeddable":true,"href":"https:\/\/bpf-mitteost.de\/sdb\/index.php?rest_route=%2Fwp%2Fv2%2Fcomments&post=3"}],"version-history":[{"count":4,"href":"https:\/\/bpf-mitteost.de\/sdb\/index.php?rest_route=\/wp\/v2\/pages\/3\/revisions"}],"predecessor-version":[{"id":1300,"href":"https:\/\/bpf-mitteost.de\/sdb\/index.php?rest_route=\/wp\/v2\/pages\/3\/revisions\/1300"}],"wp:attachment":[{"href":"https:\/\/bpf-mitteost.de\/sdb\/index.php?rest_route=%2Fwp%2Fv2%2Fmedia&parent=3"}],"curies":[{"name":"wp","href":"https:\/\/api.w.org\/{rel}","templated":true}]}}